{"id":580,"date":"2021-08-13T13:21:58","date_gmt":"2021-08-13T11:21:58","guid":{"rendered":"https:\/\/ax3.it\/?page_id=580"},"modified":"2026-03-21T19:28:21","modified_gmt":"2026-03-21T18:28:21","slug":"carriera","status":"publish","type":"page","link":"https:\/\/ax3.it\/?page_id=580","title":{"rendered":"Carriera"},"content":{"rendered":"\t\t<div data-elementor-type=\"wp-post\" data-elementor-id=\"580\" class=\"elementor elementor-580\" data-elementor-post-type=\"page\">\n\t\t\t\t\t\t<section class=\"elementor-section elementor-top-section elementor-element elementor-element-8e743a9 elementor-section-height-min-height elementor-section-boxed elementor-section-height-default elementor-section-items-middle\" data-id=\"8e743a9\" data-element_type=\"section\" data-e-type=\"section\" data-settings=\"{&quot;background_background&quot;:&quot;classic&quot;}\">\n\t\t\t\t\t\t\t<div class=\"elementor-background-overlay\"><\/div>\n\t\t\t\t\t\t\t<div class=\"elementor-container elementor-column-gap-default\">\n\t\t\t\t\t<div class=\"elementor-column elementor-col-100 elementor-top-column elementor-element elementor-element-412c7c5\" data-id=\"412c7c5\" data-element_type=\"column\" data-e-type=\"column\">\n\t\t\t<div class=\"elementor-widget-wrap elementor-element-populated\">\n\t\t\t\t\t\t<div class=\"elementor-element elementor-element-e39c2c5 elementor-widget elementor-widget-heading\" data-id=\"e39c2c5\" data-element_type=\"widget\" data-e-type=\"widget\" data-widget_type=\"heading.default\">\n\t\t\t\t<div class=\"elementor-widget-container\">\n\t\t\t\t\t<h1 class=\"elementor-heading-title elementor-size-default\">Carriera<\/h1>\t\t\t\t<\/div>\n\t\t\t\t<\/div>\n\t\t\t\t\t<\/div>\n\t\t<\/div>\n\t\t\t\t\t<\/div>\n\t\t<\/section>\n\t\t\t\t<section class=\"elementor-section elementor-top-section elementor-element elementor-element-2ccdb23 elementor-section-boxed elementor-section-height-default elementor-section-height-default\" data-id=\"2ccdb23\" data-element_type=\"section\" data-e-type=\"section\">\n\t\t\t\t\t\t<div class=\"elementor-container elementor-column-gap-default\">\n\t\t\t\t\t<div class=\"elementor-column elementor-col-33 elementor-top-column elementor-element elementor-element-dabb27c\" data-id=\"dabb27c\" data-element_type=\"column\" data-e-type=\"column\">\n\t\t\t<div class=\"elementor-widget-wrap elementor-element-populated\">\n\t\t\t\t\t\t<div class=\"elementor-element elementor-element-e432a59 elementor-widget elementor-widget-image\" data-id=\"e432a59\" data-element_type=\"widget\" data-e-type=\"widget\" data-widget_type=\"image.default\">\n\t\t\t\t<div class=\"elementor-widget-container\">\n\t\t\t\t\t\t\t\t\t\t\t\t\t\t\t<img fetchpriority=\"high\" decoding=\"async\" width=\"292\" height=\"291\" src=\"https:\/\/ax3.it\/wp-content\/uploads\/2021\/08\/Immagine1.png\" class=\"attachment-large size-large wp-image-302\" alt=\"\" srcset=\"https:\/\/ax3.it\/wp-content\/uploads\/2021\/08\/Immagine1.png 292w, https:\/\/ax3.it\/wp-content\/uploads\/2021\/08\/Immagine1-150x150.png 150w\" sizes=\"(max-width: 292px) 100vw, 292px\" \/>\t\t\t\t\t\t\t\t\t\t\t\t\t\t\t<\/div>\n\t\t\t\t<\/div>\n\t\t\t\t\t<\/div>\n\t\t<\/div>\n\t\t\t\t<div class=\"elementor-column elementor-col-66 elementor-top-column elementor-element elementor-element-f1f5920\" data-id=\"f1f5920\" data-element_type=\"column\" data-e-type=\"column\">\n\t\t\t<div class=\"elementor-widget-wrap elementor-element-populated\">\n\t\t\t\t\t\t<div class=\"elementor-element elementor-element-4ad71b4 elementor-widget elementor-widget-text-editor\" data-id=\"4ad71b4\" data-element_type=\"widget\" data-e-type=\"widget\" data-widget_type=\"text-editor.default\">\n\t\t\t\t<div class=\"elementor-widget-container\">\n\t\t\t\t\t\t\t\t\t<p data-path-to-node=\"4\">In AX3 non cerchiamo curriculum, cerchiamo persone. La qualifica \u00e8 un punto di partenza, ma \u00e8 l&#8217;attitudine a fare la differenza tra un tecnico e uno specialista.<\/p>\n<p data-path-to-node=\"5\">Vogliamo menti curiose, attente ai dettagli e dotate di una spiccata capacit\u00e0 di relazione. Cerchiamo chi sa vivere il lavoro con passione, chi predilige il team alla solitudine e chi non ha paura di assumersi la responsabilit\u00e0 di una decisione. In AX3, l&#8217;obiettivo non \u00e8 solo eseguire un compito, ma realizzare ci\u00f2 che si sogna e si progetta.<\/p>\n<p data-path-to-node=\"6\"><b data-path-to-node=\"6\" data-index-in-node=\"0\">Il Percorso dei Talenti<\/b> I giovani che entrano nel nostro organigramma seguono un percorso di inserimento strutturato, pensato per potenziare in modo specifico le capacit\u00e0 individuali. In AX3 costruiamo il futuro insieme: \u00e8 un\u2019esperienza entusiasmante, ma volutamente complessa.<\/p>\n<p data-path-to-node=\"7\"><b data-path-to-node=\"7\" data-index-in-node=\"0\">La Sfida<\/b> Far parte della nostra famiglia significa saper gestire l&#8217;imprevisto. Non cerchiamo chi evita gli ostacoli, ma chi dimostra di saperli affrontare e superare con audacia e precisione. Se sei pronto a misurarti con standard d&#8217;eccellenza e vuoi che il tuo lavoro lasci un segno, siamo pronti ad ascoltarti.<\/p>\n<blockquote data-path-to-node=\"8\">\n<p data-path-to-node=\"8,0\"><b data-path-to-node=\"8,0\" data-index-in-node=\"0\">Invia la tua sfida a:<\/b> <a class=\"ng-star-inserted\" href=\"mailto:job@ax3.it\" target=\"_blank\" rel=\"noopener\" data-hveid=\"0\" data-ved=\"0CAAQ_4QMahgKEwiH4rnixbGTAxUAAAAAHQAAAAAQ1wE\">job@ax3.it<\/a><\/p>\n<\/blockquote>\t\t\t\t\t\t\t\t<\/div>\n\t\t\t\t<\/div>\n\t\t\t\t\t<\/div>\n\t\t<\/div>\n\t\t\t\t\t<\/div>\n\t\t<\/section>\n\t\t\t\t<\/div>\n\t\t","protected":false},"excerpt":{"rendered":"<p>Carriera In AX3 non cerchiamo curriculum, cerchiamo persone. La qualifica \u00e8 un punto di partenza, ma \u00e8 l&#8217;attitudine a fare la differenza tra un tecnico e uno specialista. Vogliamo menti curiose, attente ai dettagli e dotate di una spiccata capacit\u00e0 di relazione. Cerchiamo chi sa vivere il lavoro con passione, chi predilige il team alla&hellip;&nbsp;<a href=\"https:\/\/ax3.it\/?page_id=580\" rel=\"bookmark\">Leggi tutto &raquo;<span class=\"screen-reader-text\">Carriera<\/span><\/a><\/p>\n","protected":false},"author":1,"featured_media":0,"parent":0,"menu_order":0,"comment_status":"closed","ping_status":"closed","template":"page-templates\/template-pagebuilder-full-width.php","meta":{"neve_meta_sidebar":"","neve_meta_container":"","neve_meta_enable_content_width":"","neve_meta_content_width":70,"neve_meta_title_alignment":"","neve_meta_author_avatar":"","neve_post_elements_order":"","neve_meta_disable_header":"","neve_meta_disable_footer":"","neve_meta_disable_title":"","footnotes":""},"class_list":["post-580","page","type-page","status-publish","hentry"],"_links":{"self":[{"href":"https:\/\/ax3.it\/index.php?rest_route=\/wp\/v2\/pages\/580","targetHints":{"allow":["GET"]}}],"collection":[{"href":"https:\/\/ax3.it\/index.php?rest_route=\/wp\/v2\/pages"}],"about":[{"href":"https:\/\/ax3.it\/index.php?rest_route=\/wp\/v2\/types\/page"}],"author":[{"embeddable":true,"href":"https:\/\/ax3.it\/index.php?rest_route=\/wp\/v2\/users\/1"}],"replies":[{"embeddable":true,"href":"https:\/\/ax3.it\/index.php?rest_route=%2Fwp%2Fv2%2Fcomments&post=580"}],"version-history":[{"count":13,"href":"https:\/\/ax3.it\/index.php?rest_route=\/wp\/v2\/pages\/580\/revisions"}],"predecessor-version":[{"id":1066,"href":"https:\/\/ax3.it\/index.php?rest_route=\/wp\/v2\/pages\/580\/revisions\/1066"}],"wp:attachment":[{"href":"https:\/\/ax3.it\/index.php?rest_route=%2Fwp%2Fv2%2Fmedia&parent=580"}],"curies":[{"name":"wp","href":"https:\/\/api.w.org\/{rel}","templated":true}]}}