{"id":89,"date":"2019-08-27T08:55:51","date_gmt":"2019-08-27T06:55:51","guid":{"rendered":"https:\/\/demosites.io\/tatoo\/?page_id=9"},"modified":"2026-03-22T20:12:30","modified_gmt":"2026-03-22T19:12:30","slug":"governance","status":"publish","type":"page","link":"https:\/\/ax3.it\/?page_id=89","title":{"rendered":"Governance"},"content":{"rendered":"\t\t<div data-elementor-type=\"wp-post\" data-elementor-id=\"89\" class=\"elementor elementor-89\" data-elementor-post-type=\"page\">\n\t\t\t\t\t\t<section class=\"elementor-section elementor-top-section elementor-element elementor-element-b803370 elementor-section-height-min-height elementor-section-boxed elementor-section-height-default elementor-section-items-middle\" data-id=\"b803370\" data-element_type=\"section\" data-e-type=\"section\" data-settings=\"{&quot;background_background&quot;:&quot;classic&quot;}\">\n\t\t\t\t\t\t\t<div class=\"elementor-background-overlay\"><\/div>\n\t\t\t\t\t\t\t<div class=\"elementor-container elementor-column-gap-default\">\n\t\t\t\t\t<div class=\"elementor-column elementor-col-100 elementor-top-column elementor-element elementor-element-fd20d06\" data-id=\"fd20d06\" data-element_type=\"column\" data-e-type=\"column\">\n\t\t\t<div class=\"elementor-widget-wrap elementor-element-populated\">\n\t\t\t\t\t\t<div class=\"elementor-element elementor-element-2d70055 elementor-widget elementor-widget-heading\" data-id=\"2d70055\" data-element_type=\"widget\" data-e-type=\"widget\" data-widget_type=\"heading.default\">\n\t\t\t\t<div class=\"elementor-widget-container\">\n\t\t\t\t\t<h1 class=\"elementor-heading-title elementor-size-default\">Governance<\/h1>\t\t\t\t<\/div>\n\t\t\t\t<\/div>\n\t\t\t\t\t<\/div>\n\t\t<\/div>\n\t\t\t\t\t<\/div>\n\t\t<\/section>\n\t\t\t\t<section class=\"elementor-section elementor-top-section elementor-element elementor-element-3ca02d1 elementor-section-boxed elementor-section-height-default elementor-section-height-default\" data-id=\"3ca02d1\" data-element_type=\"section\" data-e-type=\"section\" data-settings=\"{&quot;background_background&quot;:&quot;classic&quot;}\">\n\t\t\t\t\t\t<div class=\"elementor-container elementor-column-gap-default\">\n\t\t\t\t\t<div class=\"elementor-column elementor-col-100 elementor-top-column elementor-element elementor-element-0753dd5\" data-id=\"0753dd5\" data-element_type=\"column\" data-e-type=\"column\">\n\t\t\t<div class=\"elementor-widget-wrap elementor-element-populated\">\n\t\t\t\t\t\t<section class=\"elementor-section elementor-inner-section elementor-element elementor-element-e871dfa elementor-section-boxed elementor-section-height-default elementor-section-height-default\" data-id=\"e871dfa\" data-element_type=\"section\" data-e-type=\"section\">\n\t\t\t\t\t\t<div class=\"elementor-container elementor-column-gap-default\">\n\t\t\t\t\t<div class=\"elementor-column elementor-col-100 elementor-inner-column elementor-element elementor-element-4f43f14\" data-id=\"4f43f14\" data-element_type=\"column\" data-e-type=\"column\">\n\t\t\t<div class=\"elementor-widget-wrap elementor-element-populated\">\n\t\t\t\t\t\t<div class=\"elementor-element elementor-element-40f397f elementor-widget elementor-widget-heading\" data-id=\"40f397f\" data-element_type=\"widget\" data-e-type=\"widget\" data-widget_type=\"heading.default\">\n\t\t\t\t<div class=\"elementor-widget-container\">\n\t\t\t\t\t<h1 class=\"elementor-heading-title elementor-size-default\">Assetto proprietario<\/h1>\t\t\t\t<\/div>\n\t\t\t\t<\/div>\n\t\t\t\t<div class=\"elementor-element elementor-element-3373aad elementor-widget-divider--view-line elementor-widget elementor-widget-divider\" data-id=\"3373aad\" data-element_type=\"widget\" data-e-type=\"widget\" data-widget_type=\"divider.default\">\n\t\t\t\t<div class=\"elementor-widget-container\">\n\t\t\t\t\t\t\t<div class=\"elementor-divider\">\n\t\t\t<span class=\"elementor-divider-separator\">\n\t\t\t\t\t\t<\/span>\n\t\t<\/div>\n\t\t\t\t\t\t<\/div>\n\t\t\t\t<\/div>\n\t\t\t\t<div class=\"elementor-element elementor-element-f52b7fa elementor-widget elementor-widget-image\" data-id=\"f52b7fa\" data-element_type=\"widget\" data-e-type=\"widget\" data-widget_type=\"image.default\">\n\t\t\t\t<div class=\"elementor-widget-container\">\n\t\t\t\t\t\t\t\t\t\t\t\t\t\t\t<img fetchpriority=\"high\" decoding=\"async\" width=\"408\" height=\"284\" src=\"https:\/\/ax3.it\/wp-content\/uploads\/2021\/08\/Screenshot_1-1.jpg\" class=\"attachment-large size-large wp-image-428\" alt=\"\" srcset=\"https:\/\/ax3.it\/wp-content\/uploads\/2021\/08\/Screenshot_1-1.jpg 408w, https:\/\/ax3.it\/wp-content\/uploads\/2021\/08\/Screenshot_1-1-300x209.jpg 300w\" sizes=\"(max-width: 408px) 100vw, 408px\" \/>\t\t\t\t\t\t\t\t\t\t\t\t\t\t\t<\/div>\n\t\t\t\t<\/div>\n\t\t\t\t<div class=\"elementor-element elementor-element-16a4c98 elementor-widget elementor-widget-text-editor\" data-id=\"16a4c98\" data-element_type=\"widget\" data-e-type=\"widget\" data-widget_type=\"text-editor.default\">\n\t\t\t\t<div class=\"elementor-widget-container\">\n\t\t\t\t\t\t\t\t\t<p>Tutte le quote sono detenute dalla Super Holding AX3 Assets S.S., societ\u00e0 privata il cui capitale proprio e delle sussidiarie \u00e8 interamente versato.<\/p>\n<p>AX3 ASSETS \u00e8 posseduta da:<br><b>2021 &#8211; oggi<\/b>: Famiglia PILUSO (1a generazione fondatrice), capostipite ALESSANDRO PILUSO;<\/p>\t\t\t\t\t\t\t\t<\/div>\n\t\t\t\t<\/div>\n\t\t\t\t\t<\/div>\n\t\t<\/div>\n\t\t\t\t\t<\/div>\n\t\t<\/section>\n\t\t\t\t\t<\/div>\n\t\t<\/div>\n\t\t\t\t\t<\/div>\n\t\t<\/section>\n\t\t\t\t<section class=\"elementor-section elementor-top-section elementor-element elementor-element-e16e357 elementor-section-boxed elementor-section-height-default elementor-section-height-default\" data-id=\"e16e357\" data-element_type=\"section\" data-e-type=\"section\" data-settings=\"{&quot;background_background&quot;:&quot;classic&quot;}\">\n\t\t\t\t\t\t<div class=\"elementor-container elementor-column-gap-default\">\n\t\t\t\t\t<div class=\"elementor-column elementor-col-100 elementor-top-column elementor-element elementor-element-d185ab7\" data-id=\"d185ab7\" data-element_type=\"column\" data-e-type=\"column\">\n\t\t\t<div class=\"elementor-widget-wrap elementor-element-populated\">\n\t\t\t\t\t\t<section class=\"elementor-section elementor-inner-section elementor-element elementor-element-fe47259 elementor-section-boxed elementor-section-height-default elementor-section-height-default\" data-id=\"fe47259\" data-element_type=\"section\" data-e-type=\"section\">\n\t\t\t\t\t\t<div class=\"elementor-container elementor-column-gap-default\">\n\t\t\t\t\t<div class=\"elementor-column elementor-col-33 elementor-inner-column elementor-element elementor-element-9d0a336\" data-id=\"9d0a336\" data-element_type=\"column\" data-e-type=\"column\">\n\t\t\t<div class=\"elementor-widget-wrap elementor-element-populated\">\n\t\t\t\t\t\t<div class=\"elementor-element elementor-element-0b51f6d elementor-widget elementor-widget-image\" data-id=\"0b51f6d\" data-element_type=\"widget\" data-e-type=\"widget\" data-widget_type=\"image.default\">\n\t\t\t\t<div class=\"elementor-widget-container\">\n\t\t\t\t\t\t\t\t\t\t\t\t\t\t\t<img decoding=\"async\" width=\"514\" height=\"513\" src=\"https:\/\/ax3.it\/wp-content\/uploads\/2026\/02\/Screenshot_2.jpg\" class=\"attachment-large size-large wp-image-1001\" alt=\"\" srcset=\"https:\/\/ax3.it\/wp-content\/uploads\/2026\/02\/Screenshot_2.jpg 514w, https:\/\/ax3.it\/wp-content\/uploads\/2026\/02\/Screenshot_2-300x300.jpg 300w, https:\/\/ax3.it\/wp-content\/uploads\/2026\/02\/Screenshot_2-150x150.jpg 150w\" sizes=\"(max-width: 514px) 100vw, 514px\" \/>\t\t\t\t\t\t\t\t\t\t\t\t\t\t\t<\/div>\n\t\t\t\t<\/div>\n\t\t\t\t\t<\/div>\n\t\t<\/div>\n\t\t\t\t<div class=\"elementor-column elementor-col-66 elementor-inner-column elementor-element elementor-element-1e45ad1\" data-id=\"1e45ad1\" data-element_type=\"column\" data-e-type=\"column\" data-settings=\"{&quot;background_background&quot;:&quot;classic&quot;}\">\n\t\t\t<div class=\"elementor-widget-wrap elementor-element-populated\">\n\t\t\t\t\t\t<div class=\"elementor-element elementor-element-6cee04b elementor-widget elementor-widget-heading\" data-id=\"6cee04b\" data-element_type=\"widget\" data-e-type=\"widget\" data-widget_type=\"heading.default\">\n\t\t\t\t<div class=\"elementor-widget-container\">\n\t\t\t\t\t<span class=\"elementor-heading-title elementor-size-default\">IL FONDATORE DEL GRUPPO<\/span>\t\t\t\t<\/div>\n\t\t\t\t<\/div>\n\t\t\t\t<div class=\"elementor-element elementor-element-2ed2213 elementor-widget elementor-widget-heading\" data-id=\"2ed2213\" data-element_type=\"widget\" data-e-type=\"widget\" data-widget_type=\"heading.default\">\n\t\t\t\t<div class=\"elementor-widget-container\">\n\t\t\t\t\t<h2 class=\"elementor-heading-title elementor-size-default\">alessandro piluso<\/h2>\t\t\t\t<\/div>\n\t\t\t\t<\/div>\n\t\t\t\t<div class=\"elementor-element elementor-element-c49f05a elementor-widget elementor-widget-heading\" data-id=\"c49f05a\" data-element_type=\"widget\" data-e-type=\"widget\" data-widget_type=\"heading.default\">\n\t\t\t\t<div class=\"elementor-widget-container\">\n\t\t\t\t\t<span class=\"elementor-heading-title elementor-size-default\"><b data-path-to-node=\"12\" data-index-in-node=\"18\">TLC &amp; Cybersecurity Specialist | Cisco CCIE | Digital Forensics Expert<\/b><\/span>\t\t\t\t<\/div>\n\t\t\t\t<\/div>\n\t\t\t\t<div class=\"elementor-element elementor-element-9fb62d9 elementor-widget elementor-widget-text-editor\" data-id=\"9fb62d9\" data-element_type=\"widget\" data-e-type=\"widget\" data-widget_type=\"text-editor.default\">\n\t\t\t\t<div class=\"elementor-widget-container\">\n\t\t\t\t\t\t\t\t\t<p data-path-to-node=\"9,1\">di Caltagirone, nato a Catania nell&#8217;84 e cresciuto con il codice nel sangue, Alessandro Piluso \u00e8 un\u2019anima profondamente anticonformista prestata all&#8217;eccellenza tecnologica e finanziaria. Laureato in Informatica a Catania, ha consolidato il suo percorso con un Master in Tecnologie Open Source alla &#8220;Sapienza&#8221;, un Executive MBA e una specializzazione d&#8217;avanguardia in AI e Prompt Engineering.<br><br>Siede nell&#8217;Olimpo del networking come esperto certificato Cisco CCIE e MikroTik. La sua operativit\u00e0 come Senior Analyst fonde la sicurezza offensiva con una competenza verticale nell&#8217;Informatica Forense: Alessandro non si limita a costruire e proteggere le reti, ma sa scendere nel profondo dei sistemi per ricostruire verit\u00e0 digitali e cristallizzare prove con rigore scientifico.<br><br>Imprenditore dall\u2019et\u00e0 di 23 anni, ha tradotto la sua audacia in una gestione patrimoniale diversificata. Il suo core business batte nel cuore delle Telecomunicazioni nazionali e nello sviluppo di asset Immobiliari di valore, ambiti che integra con un&#8217;operativit\u00e0 dinamica e analitica nel Trading e nei mercati finanziari. In AX3, applica algoritmi di Intelligenza Artificiale e Business Intelligence per dominare la complessit\u00e0 dei flussi, siano essi dati o capitali.<br><br>Pioniere dell\u2019innovazione, Alessandro insegue la creativit\u00e0 \u201cdiversa\u201d e ricerca ossessivamente la rarit\u00e0 in un mondo di serie.<\/p><blockquote data-path-to-node=\"9\">\n<p data-path-to-node=\"9,0\"><b data-path-to-node=\"9,0\" data-index-in-node=\"0\">Su di lui:<\/b> <i data-path-to-node=\"9,0\" data-index-in-node=\"11\">&#8220;C\u2019\u00e8 una bellezza crudele nel rompere un equilibrio perfetto. Non \u00e8 cattiveria, \u00e8 precisione. Sono il riflesso che vi mostra quanto \u00e8 buio il vostro mondo, un attimo prima di lasciarvi soli a gestire la luce.&#8221;<\/i><\/p>\n<\/blockquote>\n<div>\n<div>\n<div>&nbsp;Il suo profilo <a href=\"https:\/\/www.linkedin.com\/in\/alessandro-piluso\/\" target=\"_blank\" rel=\"noopener\">LinkedIn<\/a>.<\/div>\n<\/div>\n<\/div>\t\t\t\t\t\t\t\t<\/div>\n\t\t\t\t<\/div>\n\t\t\t\t<div class=\"elementor-element elementor-element-bce9468 elementor-align-center elementor-widget elementor-widget-button\" data-id=\"bce9468\" data-element_type=\"widget\" data-e-type=\"widget\" data-widget_type=\"button.default\">\n\t\t\t\t<div class=\"elementor-widget-container\">\n\t\t\t\t\t\t\t\t\t<div class=\"elementor-button-wrapper\">\n\t\t\t\t\t<a class=\"elementor-button elementor-button-link elementor-size-sm\" href=\"https:\/\/ax3.it\/?page_id=580\">\n\t\t\t\t\t\t<span class=\"elementor-button-content-wrapper\">\n\t\t\t\t\t\t\t\t\t<span class=\"elementor-button-text\">lavora con noi<\/span>\n\t\t\t\t\t<\/span>\n\t\t\t\t\t<\/a>\n\t\t\t\t<\/div>\n\t\t\t\t\t\t\t\t<\/div>\n\t\t\t\t<\/div>\n\t\t\t\t\t<\/div>\n\t\t<\/div>\n\t\t\t\t\t<\/div>\n\t\t<\/section>\n\t\t\t\t\t<\/div>\n\t\t<\/div>\n\t\t\t\t\t<\/div>\n\t\t<\/section>\n\t\t\t\t<section class=\"elementor-section elementor-top-section elementor-element elementor-element-a019b7a elementor-reverse-mobile elementor-section-boxed elementor-section-height-default elementor-section-height-default\" data-id=\"a019b7a\" data-element_type=\"section\" data-e-type=\"section\" data-settings=\"{&quot;background_background&quot;:&quot;classic&quot;}\">\n\t\t\t\t\t\t<div class=\"elementor-container elementor-column-gap-default\">\n\t\t\t\t\t<div class=\"elementor-column elementor-col-100 elementor-top-column elementor-element elementor-element-199aa6a\" data-id=\"199aa6a\" data-element_type=\"column\" data-e-type=\"column\">\n\t\t\t<div class=\"elementor-widget-wrap elementor-element-populated\">\n\t\t\t\t\t\t<section class=\"elementor-section elementor-inner-section elementor-element elementor-element-4aacefe elementor-section-content-middle elementor-reverse-mobile elementor-section-boxed elementor-section-height-default elementor-section-height-default\" data-id=\"4aacefe\" data-element_type=\"section\" data-e-type=\"section\">\n\t\t\t\t\t\t<div class=\"elementor-container elementor-column-gap-default\">\n\t\t\t\t\t<div class=\"elementor-column elementor-col-50 elementor-inner-column elementor-element elementor-element-a636a3e\" data-id=\"a636a3e\" data-element_type=\"column\" data-e-type=\"column\">\n\t\t\t<div class=\"elementor-widget-wrap elementor-element-populated\">\n\t\t\t\t\t\t<div class=\"elementor-element elementor-element-0b4c2b8 elementor-widget elementor-widget-heading\" data-id=\"0b4c2b8\" data-element_type=\"widget\" data-e-type=\"widget\" data-widget_type=\"heading.default\">\n\t\t\t\t<div class=\"elementor-widget-container\">\n\t\t\t\t\t<span class=\"elementor-heading-title elementor-size-default\">FIGURA CHIAVE DELLA SOCIETA' CAPO GRUPPO<br>AX3 GROUP S.R.L.<\/span>\t\t\t\t<\/div>\n\t\t\t\t<\/div>\n\t\t\t\t<div class=\"elementor-element elementor-element-a856dc4 elementor-widget elementor-widget-heading\" data-id=\"a856dc4\" data-element_type=\"widget\" data-e-type=\"widget\" data-widget_type=\"heading.default\">\n\t\t\t\t<div class=\"elementor-widget-container\">\n\t\t\t\t\t<span class=\"elementor-heading-title elementor-size-default\">presidente del c.d.a.<\/span>\t\t\t\t<\/div>\n\t\t\t\t<\/div>\n\t\t\t\t<div class=\"elementor-element elementor-element-aa87ec1 elementor-widget elementor-widget-heading\" data-id=\"aa87ec1\" data-element_type=\"widget\" data-e-type=\"widget\" data-widget_type=\"heading.default\">\n\t\t\t\t<div class=\"elementor-widget-container\">\n\t\t\t\t\t<h2 class=\"elementor-heading-title elementor-size-default\">Dott.ssa MARIA CIRIACONO<\/h2>\t\t\t\t<\/div>\n\t\t\t\t<\/div>\n\t\t\t\t<div class=\"elementor-element elementor-element-2fff22c elementor-widget elementor-widget-heading\" data-id=\"2fff22c\" data-element_type=\"widget\" data-e-type=\"widget\" data-widget_type=\"heading.default\">\n\t\t\t\t<div class=\"elementor-widget-container\">\n\t\t\t\t\t<span class=\"elementor-heading-title elementor-size-default\">FIGURA CHIAVE DELLA SOCIETA' OPERATIVA<br>AX3 HOLDING S.R.L.<\/span>\t\t\t\t<\/div>\n\t\t\t\t<\/div>\n\t\t\t\t<div class=\"elementor-element elementor-element-3ca6b25 elementor-widget elementor-widget-heading\" data-id=\"3ca6b25\" data-element_type=\"widget\" data-e-type=\"widget\" data-widget_type=\"heading.default\">\n\t\t\t\t<div class=\"elementor-widget-container\">\n\t\t\t\t\t<span class=\"elementor-heading-title elementor-size-default\">presidente del c.d.a.<\/span>\t\t\t\t<\/div>\n\t\t\t\t<\/div>\n\t\t\t\t<div class=\"elementor-element elementor-element-55b0d11 elementor-widget elementor-widget-heading\" data-id=\"55b0d11\" data-element_type=\"widget\" data-e-type=\"widget\" data-widget_type=\"heading.default\">\n\t\t\t\t<div class=\"elementor-widget-container\">\n\t\t\t\t\t<h2 class=\"elementor-heading-title elementor-size-default\">Dott. ALESSANDRO PILUSO<\/h2>\t\t\t\t<\/div>\n\t\t\t\t<\/div>\n\t\t\t\t\t<\/div>\n\t\t<\/div>\n\t\t\t\t<div class=\"elementor-column elementor-col-50 elementor-inner-column elementor-element elementor-element-4a047de\" data-id=\"4a047de\" data-element_type=\"column\" data-e-type=\"column\">\n\t\t\t<div class=\"elementor-widget-wrap elementor-element-populated\">\n\t\t\t\t\t\t<div class=\"elementor-element elementor-element-61b9e85 elementor-widget elementor-widget-image\" data-id=\"61b9e85\" data-element_type=\"widget\" data-e-type=\"widget\" data-widget_type=\"image.default\">\n\t\t\t\t<div class=\"elementor-widget-container\">\n\t\t\t\t\t\t\t\t\t\t\t\t\t\t\t<img decoding=\"async\" width=\"433\" height=\"281\" src=\"https:\/\/ax3.it\/wp-content\/uploads\/2021\/08\/cropped-ax3.png\" class=\"attachment-large size-large wp-image-100\" alt=\"\" srcset=\"https:\/\/ax3.it\/wp-content\/uploads\/2021\/08\/cropped-ax3.png 433w, https:\/\/ax3.it\/wp-content\/uploads\/2021\/08\/cropped-ax3-300x195.png 300w\" sizes=\"(max-width: 433px) 100vw, 433px\" \/>\t\t\t\t\t\t\t\t\t\t\t\t\t\t\t<\/div>\n\t\t\t\t<\/div>\n\t\t\t\t\t<\/div>\n\t\t<\/div>\n\t\t\t\t\t<\/div>\n\t\t<\/section>\n\t\t\t\t\t<\/div>\n\t\t<\/div>\n\t\t\t\t\t<\/div>\n\t\t<\/section>\n\t\t\t\t<\/div>\n\t\t","protected":false},"excerpt":{"rendered":"<p>Governance Assetto proprietario Tutte le quote sono detenute dalla Super Holding AX3 Assets S.S., societ\u00e0 privata il cui capitale proprio e delle sussidiarie \u00e8 interamente versato. AX3 ASSETS \u00e8 posseduta da:2021 &#8211; oggi: Famiglia PILUSO (1a generazione fondatrice), capostipite ALESSANDRO PILUSO; IL FONDATORE DEL GRUPPO alessandro piluso TLC &amp; Cybersecurity Specialist | Cisco CCIE |&hellip;&nbsp;<a href=\"https:\/\/ax3.it\/?page_id=89\" rel=\"bookmark\">Leggi tutto &raquo;<span class=\"screen-reader-text\">Governance<\/span><\/a><\/p>\n","protected":false},"author":1,"featured_media":0,"parent":0,"menu_order":0,"comment_status":"closed","ping_status":"closed","template":"elementor_header_footer","meta":{"neve_meta_sidebar":"","neve_meta_container":"","neve_meta_enable_content_width":"","neve_meta_content_width":70,"neve_meta_title_alignment":"","neve_meta_author_avatar":"","neve_post_elements_order":"","neve_meta_disable_header":"","neve_meta_disable_footer":"","neve_meta_disable_title":"","footnotes":""},"class_list":["post-89","page","type-page","status-publish","hentry"],"_links":{"self":[{"href":"https:\/\/ax3.it\/index.php?rest_route=\/wp\/v2\/pages\/89","targetHints":{"allow":["GET"]}}],"collection":[{"href":"https:\/\/ax3.it\/index.php?rest_route=\/wp\/v2\/pages"}],"about":[{"href":"https:\/\/ax3.it\/index.php?rest_route=\/wp\/v2\/types\/page"}],"author":[{"embeddable":true,"href":"https:\/\/ax3.it\/index.php?rest_route=\/wp\/v2\/users\/1"}],"replies":[{"embeddable":true,"href":"https:\/\/ax3.it\/index.php?rest_route=%2Fwp%2Fv2%2Fcomments&post=89"}],"version-history":[{"count":115,"href":"https:\/\/ax3.it\/index.php?rest_route=\/wp\/v2\/pages\/89\/revisions"}],"predecessor-version":[{"id":1075,"href":"https:\/\/ax3.it\/index.php?rest_route=\/wp\/v2\/pages\/89\/revisions\/1075"}],"wp:attachment":[{"href":"https:\/\/ax3.it\/index.php?rest_route=%2Fwp%2Fv2%2Fmedia&parent=89"}],"curies":[{"name":"wp","href":"https:\/\/api.w.org\/{rel}","templated":true}]}}